{"id":47,"date":"2024-06-25T18:48:31","date_gmt":"2024-06-25T15:48:31","guid":{"rendered":"http:\/\/test.bioactiveinnovation.com.tr\/?page_id=47"},"modified":"2024-06-25T22:59:07","modified_gmt":"2024-06-25T19:59:07","slug":"misyonumuz","status":"publish","type":"page","link":"https:\/\/test.bioactiveinnovation.com.tr\/index.php\/misyonumuz\/","title":{"rendered":"Misyonumuz"},"content":{"rendered":"\n<p>Misyonumuz, duyusal analiz ve t\u00fcketici davran\u0131\u015f biliminin geli\u015fimini ve yayg\u0131nla\u015fmas\u0131n\u0131 sa\u011flamak, bu ama\u00e7la t\u00fcketici testleri, fokus grup \u00e7al\u0131\u015fmalar\u0131,  neuropazarlama y\u00f6ntemleri ile yapay zeka uygulamalar\u0131n\u0131 ve scientometrik y\u00f6ntemleri de i\u00e7eren uygulamalar\u0131n kullan\u0131m\u0131n\u0131 sa\u011flamakt\u0131r. Duyusal analiz ve t\u00fcketici testleri konular\u0131nda \u00e7al\u0131\u015fan profesyonelleri bir araya getirmek bu konuda e\u011fitimler, \u00e7al\u0131\u015ftaylar ve seminerler d\u00fczenleyerek, bilgi payla\u015f\u0131m\u0131n\u0131 art\u0131rmak ve sanayi ile akademi ve profesyonelleri bir araya getirmektir. Yay\u0131nlar yapmak ve dergi \u00e7\u0131kararak <\/p>\n\n\n\n<p><\/p>\n","protected":false},"excerpt":{"rendered":"<p>Misyonumuz, duyusal analiz ve t\u00fcketici davran\u0131\u015f biliminin geli\u015fimini ve yayg\u0131nla\u015fmas\u0131n\u0131 sa\u011flamak, bu ama\u00e7la t\u00fcketici testleri, fokus grup \u00e7al\u0131\u015fmalar\u0131, neuropazarlama y\u00f6ntemleri ile yapay zeka uygulamalar\u0131n\u0131 ve scientometrik y\u00f6ntemleri de i\u00e7eren uygulamalar\u0131n kullan\u0131m\u0131n\u0131 sa\u011flamakt\u0131r. Duyusal analiz ve t\u00fcketici testleri konular\u0131nda \u00e7al\u0131\u015fan profesyonelleri bir araya getirmek bu konuda e\u011fitimler, \u00e7al\u0131\u015ftaylar ve seminerler d\u00fczenleyerek, bilgi payla\u015f\u0131m\u0131n\u0131 art\u0131rmak ve sanayi&hellip;&nbsp;<a href=\"https:\/\/test.bioactiveinnovation.com.tr\/index.php\/misyonumuz\/\" class=\"\" rel=\"bookmark\">Daha fazlas\u0131n\u0131 oku &raquo;<span class=\"screen-reader-text\">Misyonumuz<\/span><\/a><\/p>\n","protected":false},"author":1,"featured_media":0,"parent":0,"menu_order":0,"comment_status":"closed","ping_status":"closed","template":"","meta":{"neve_meta_sidebar":"","neve_meta_container":"","neve_meta_enable_content_width":"","neve_meta_content_width":0,"neve_meta_title_alignment":"","neve_meta_author_avatar":"","neve_post_elements_order":"","neve_meta_disable_header":"","neve_meta_disable_footer":"","neve_meta_disable_title":"","footnotes":""},"class_list":["post-47","page","type-page","status-publish","hentry"],"_links":{"self":[{"href":"https:\/\/test.bioactiveinnovation.com.tr\/index.php\/wp-json\/wp\/v2\/pages\/47","targetHints":{"allow":["GET"]}}],"collection":[{"href":"https:\/\/test.bioactiveinnovation.com.tr\/index.php\/wp-json\/wp\/v2\/pages"}],"about":[{"href":"https:\/\/test.bioactiveinnovation.com.tr\/index.php\/wp-json\/wp\/v2\/types\/page"}],"author":[{"embeddable":true,"href":"https:\/\/test.bioactiveinnovation.com.tr\/index.php\/wp-json\/wp\/v2\/users\/1"}],"replies":[{"embeddable":true,"href":"https:\/\/test.bioactiveinnovation.com.tr\/index.php\/wp-json\/wp\/v2\/comments?post=47"}],"version-history":[{"count":4,"href":"https:\/\/test.bioactiveinnovation.com.tr\/index.php\/wp-json\/wp\/v2\/pages\/47\/revisions"}],"predecessor-version":[{"id":98,"href":"https:\/\/test.bioactiveinnovation.com.tr\/index.php\/wp-json\/wp\/v2\/pages\/47\/revisions\/98"}],"wp:attachment":[{"href":"https:\/\/test.bioactiveinnovation.com.tr\/index.php\/wp-json\/wp\/v2\/media?parent=47"}],"curies":[{"name":"wp","href":"https:\/\/api.w.org\/{rel}","templated":true}]}}